{"id":725,"date":"2021-07-21T17:18:25","date_gmt":"2021-07-21T17:18:25","guid":{"rendered":"https:\/\/se1910.com\/home-2\/"},"modified":"2026-01-14T14:08:44","modified_gmt":"2026-01-14T05:08:44","slug":"home","status":"publish","type":"page","link":"https:\/\/se1910.com\/de\/","title":{"rendered":"Home"},"content":{"rendered":"<div id='full_slider_1'  class='avia-fullwidth-slider main_color avia-shadow   avia-builder-el-0  el_before_av_section  avia-builder-el-first   container_wrap sidebar_right'  >\n<style type=\"text\/css\" data-created_by=\"avia_inline_auto\" id=\"style-css-av-av_slideshow_full-3c96494664f0998fec89c77fcd827726\">\n#top #wrap_all .avia-slideshow .av-slideshow-caption.av-av_slideshow_full-3c96494664f0998fec89c77fcd827726__0 .avia-caption-title{\nfont-size:40px;\ncolor:#c3d600;\n}\n#top #wrap_all .avia-slideshow .av-slideshow-caption.av-av_slideshow_full-3c96494664f0998fec89c77fcd827726__1 .avia-caption-title{\nfont-size:40px;\ncolor:#c3d600;\n}\n#top #wrap_all .avia-slideshow .av-slideshow-caption.av-av_slideshow_full-3c96494664f0998fec89c77fcd827726__2 .avia-caption-title{\nfont-size:40px;\ncolor:#c3d600;\n}\n<\/style>\n<div  class='avia-slideshow av-av_slideshow_full-3c96494664f0998fec89c77fcd827726 avia-slideshow-featured_large av_slideshow_full avia-fade-slider av-slideshow-ui av-control-default av-slideshow-autoplay av-loop-endless av-loop-manual-endless av-default-height-applied   avia-slideshow-1' data-slideshow-options=\"{&quot;animation&quot;:&quot;fade&quot;,&quot;autoplay&quot;:true,&quot;loop_autoplay&quot;:&quot;endless&quot;,&quot;interval&quot;:5,&quot;loop_manual&quot;:&quot;manual-endless&quot;,&quot;autoplay_stopper&quot;:false,&quot;noNavigation&quot;:false,&quot;bg_slider&quot;:false,&quot;keep_padding&quot;:false,&quot;hoverpause&quot;:false,&quot;show_slide_delay&quot;:0}\"  itemprop=\"image\" itemscope=\"itemscope\" itemtype=\"https:\/\/schema.org\/ImageObject\" ><ul class='avia-slideshow-inner ' style='padding-bottom: 33.333333333333%;'><li  class='avia-slideshow-slide av-av_slideshow_full-3c96494664f0998fec89c77fcd827726__0  slide-1 slide-odd'><div data-rel='slideshow-1' class='avia-slide-wrap '   ><div class='av-slideshow-caption av-av_slideshow_full-3c96494664f0998fec89c77fcd827726__0 caption_fullwidth caption_center'><div class=\"container caption_container\"><div class=\"slideshow_caption\"><div class=\"slideshow_inner_caption\"><div class=\"slideshow_align_caption\"><h2 class='avia-caption-title '  itemprop=\"name\" >Seamless cooperation<\/h2><\/div><\/div><\/div><\/div><\/div><img decoding=\"async\" class=\"wp-image-3277 avia-img-lazy-loading-not-3277\"  src=\"https:\/\/se1910.com\/wp-content\/uploads\/2021\/12\/SE_HeaderImg_Home_1-1500x500.jpg\" width=\"1500\" height=\"500\" title='SE_HeaderImg_Home_1' alt=''  itemprop=\"thumbnailUrl\"   \/><div class='av-section-color-overlay' style='opacity: 0.5; background-color: #000000; '><\/div><\/div><\/li><li  class='avia-slideshow-slide av-av_slideshow_full-3c96494664f0998fec89c77fcd827726__1  slide-2 slide-even'><div data-rel='slideshow-1' class='avia-slide-wrap '   ><div class='av-slideshow-caption av-av_slideshow_full-3c96494664f0998fec89c77fcd827726__1 caption_fullwidth caption_center'><div class=\"container caption_container\"><div class=\"slideshow_caption\"><div class=\"slideshow_inner_caption\"><div class=\"slideshow_align_caption\"><h2 class='avia-caption-title '  itemprop=\"name\" >Communication across all borders<\/h2><\/div><\/div><\/div><\/div><\/div><img decoding=\"async\" class=\"wp-image-3274 avia-img-lazy-loading-not-3274\"  src=\"https:\/\/se1910.com\/wp-content\/uploads\/2021\/12\/2014_Tokyo1920x500-1500x500.jpg\" width=\"1500\" height=\"500\" title='2014_Tokyo1920x500' alt=''  itemprop=\"thumbnailUrl\"   \/><div class='av-section-color-overlay' style='opacity: 0.5; background-color: #000000; '><\/div><\/div><\/li><li  class='avia-slideshow-slide av-av_slideshow_full-3c96494664f0998fec89c77fcd827726__2  slide-3 slide-odd'><div data-rel='slideshow-1' class='avia-slide-wrap '   ><div class='av-slideshow-caption av-av_slideshow_full-3c96494664f0998fec89c77fcd827726__2 caption_fullwidth caption_center'><div class=\"container caption_container\"><div class=\"slideshow_caption\"><div class=\"slideshow_inner_caption\"><div class=\"slideshow_align_caption\"><h2 class='avia-caption-title '  itemprop=\"name\" >Emphasis on providing practical advice<\/h2><\/div><\/div><\/div><\/div><\/div><img decoding=\"async\" class=\"wp-image-3271 avia-img-lazy-loading-not-3271\"  src=\"https:\/\/se1910.com\/wp-content\/uploads\/2021\/12\/2014_Sakura1920x500-1500x500.jpg\" width=\"1500\" height=\"500\" title='2014_Sakura1920x500' alt=''  itemprop=\"thumbnailUrl\"   \/><div class='av-section-color-overlay' style='opacity: 0.5; background-color: #000000; '><\/div><\/div><\/li><\/ul><div class='avia-slideshow-arrows avia-slideshow-controls' ><a href='#prev' class='prev-slide ' aria-hidden='true' data-av_icon='\ue87c' data-av_iconfont='entypo-fontello'  tabindex='-1'>Zur\u00fcck<\/a><a href='#next' class='next-slide ' aria-hidden='true' data-av_icon='\ue87d' data-av_iconfont='entypo-fontello'  tabindex='-1'>Weiter<\/a><\/div><div class='avia-slideshow-dots avia-slideshow-controls'><a href='#1' class='goto-slide active' >1<\/a><a href='#2' class='goto-slide ' >2<\/a><a href='#3' class='goto-slide ' >3<\/a><\/div><\/div><\/div>\n<div id='av_section_1'  class='avia-section av-av_section-eb89abc38228390982ab77a91969e9e7 main_color avia-section-default avia-no-border-styling  avia-builder-el-1  el_after_av_slideshow_full  el_before_av_section  avia-bg-style-scroll container_wrap sidebar_right'  ><div class='container av-section-cont-open' ><div class='template-page content  av-content-small alpha units'><div class='post-entry post-entry-type-page post-entry-725'><div class='entry-content-wrapper clearfix'>\n\n<style type=\"text\/css\" data-created_by=\"avia_inline_auto\" id=\"style-css-av-av_one_fifth-6126cab7d8fab8d08143dd2dacdf673c\">\n.flex_column.av-av_one_fifth-6126cab7d8fab8d08143dd2dacdf673c{\n-webkit-border-radius:0px 0px 0px 0px;\n-moz-border-radius:0px 0px 0px 0px;\nborder-radius:0px 0px 0px 0px;\npadding:0px 0px 0px 0px;\n}\n<\/style>\n<div  class='flex_column av-av_one_fifth-6126cab7d8fab8d08143dd2dacdf673c av_one_fifth  avia-builder-el-2  el_before_av_three_fifth  avia-builder-el-first  first flex_column_div av-zero-column-padding  '     ><\/div>\n<style type=\"text\/css\" data-created_by=\"avia_inline_auto\" id=\"style-css-av-av_three_fifth-0aa7055fe62c3622faec82866afbaeb2\">\n.flex_column.av-av_three_fifth-0aa7055fe62c3622faec82866afbaeb2{\n-webkit-border-radius:0px 0px 0px 0px;\n-moz-border-radius:0px 0px 0px 0px;\nborder-radius:0px 0px 0px 0px;\npadding:0px 0px 0px 0px;\n}\n<\/style>\n<div  class='flex_column av-av_three_fifth-0aa7055fe62c3622faec82866afbaeb2 av_three_fifth  avia-builder-el-3  el_after_av_one_fifth  el_before_av_one_fifth  flex_column_div av-zero-column-padding  '     ><p>\n<style type=\"text\/css\" data-created_by=\"avia_inline_auto\" id=\"style-css-av-av_heading-43df60b7fd24374674d5441c053129be\">\n#top .av-special-heading.av-av_heading-43df60b7fd24374674d5441c053129be{\npadding-bottom:10px;\nfont-size:40px;\n}\nbody .av-special-heading.av-av_heading-43df60b7fd24374674d5441c053129be .av-special-heading-tag .heading-char{\nfont-size:25px;\n}\n#top #wrap_all .av-special-heading.av-av_heading-43df60b7fd24374674d5441c053129be .av-special-heading-tag{\nfont-size:40px;\n}\n.av-special-heading.av-av_heading-43df60b7fd24374674d5441c053129be .av-subheading{\nfont-size:15px;\n}\n\n@media only screen and (min-width: 480px) and (max-width: 767px){ \n#top #wrap_all .av-special-heading.av-av_heading-43df60b7fd24374674d5441c053129be .av-special-heading-tag{\nfont-size:0.8em;\n}\n}\n\n@media only screen and (max-width: 479px){ \n#top #wrap_all .av-special-heading.av-av_heading-43df60b7fd24374674d5441c053129be .av-special-heading-tag{\nfont-size:0.8em;\n}\n}\n<\/style>\n<div  class='av-special-heading av-av_heading-43df60b7fd24374674d5441c053129be av-special-heading-h1 blockquote modern-quote modern-centered  avia-builder-el-4  el_before_av_textblock  avia-builder-el-first  av-inherit-size'><h1 class='av-special-heading-tag'  itemprop=\"headline\"  >Latest News<\/h1><div class=\"special-heading-border\"><div class=\"special-heading-inner-border\"><\/div><\/div><\/div><br \/>\n<section  class='av_textblock_section av-m2tqx1fx-26608d3f1f95612ddf053ce75645f382 '   itemscope=\"itemscope\" itemtype=\"https:\/\/schema.org\/CreativeWork\" ><div class='avia_textblock'  itemprop=\"text\" ><p class=\"xmsonormal\" style=\"text-align: center;\"><strong><span lang=\"DE\">Mitteilung<\/span><\/strong><\/p>\n<p>Unsere Website wurde in eigenst\u00e4ndige, auf die jeweiligen Gesch\u00e4ftsbereiche spezialisierte Plattformen erneuert. Jede Seite bietet Ihnen vertiefte Informationen und ma\u00dfgeschneiderte Dienstleistungen:<\/p>\n<p style=\"text-align: center;\"><a href=\"http:\/\/patent.se1910.com\/de\">Sonderhoff &amp; Einsel Patentanwaltskanzlei<\/a><br \/>\n<a href=\"https:\/\/se1910-law.com\">Sonderhoff &amp; Einsel Rechtsanwaltskanzlei<\/a><br \/>\n<a href=\"http:\/\/tax.se1910.com\/de\">Sonderhoff &amp; Einsel Steuerberatungsgesellschaft<\/a><\/p>\n<\/div><\/section><\/p><\/div>\n<style type=\"text\/css\" data-created_by=\"avia_inline_auto\" id=\"style-css-av-av_one_fifth-0aa7055fe62c3622faec82866afbaeb2\">\n.flex_column.av-av_one_fifth-0aa7055fe62c3622faec82866afbaeb2{\n-webkit-border-radius:0px 0px 0px 0px;\n-moz-border-radius:0px 0px 0px 0px;\nborder-radius:0px 0px 0px 0px;\npadding:0px 0px 0px 0px;\n}\n<\/style>\n<div  class='flex_column av-av_one_fifth-0aa7055fe62c3622faec82866afbaeb2 av_one_fifth  avia-builder-el-6  el_after_av_three_fifth  el_before_av_hr  flex_column_div av-zero-column-padding  '     ><\/div>\n<style type=\"text\/css\" data-created_by=\"avia_inline_auto\" id=\"style-css-av-av_hr-b0d442539efd9536f47a2871d01c26c1\">\n#top .hr.av-av_hr-b0d442539efd9536f47a2871d01c26c1{\nmargin-top:40px;\nmargin-bottom:40px;\n}\n.hr.av-av_hr-b0d442539efd9536f47a2871d01c26c1 .hr-inner{\nwidth:50px;\nborder-color:#000000;\n}\n<\/style>\n<div  class='hr av-av_hr-b0d442539efd9536f47a2871d01c26c1 hr-custom  avia-builder-el-7  el_after_av_one_fifth  avia-builder-el-last  hr-center hr-icon-no'><span class='hr-inner inner-border-av-border-fat'><span class=\"hr-inner-style\"><\/span><\/span><\/div>\n<\/div><\/div><\/div><!-- close content main div --><\/div><\/div>\n<style type=\"text\/css\" data-created_by=\"avia_inline_auto\" id=\"style-css-av-av_section-7d20e8c3d81183e7e7aaaf4fc9113e95\">\n.avia-section.av-av_section-7d20e8c3d81183e7e7aaaf4fc9113e95 .av-parallax .av-parallax-inner{\nbackground-color:#f8f8f8;\nbackground-image:url(https:\/\/se1910.com\/wp-content\/uploads\/2015\/02\/hipster-working.jpg);\nbackground-repeat:no-repeat;\nbackground-position:100% 50%;\nbackground-attachment:scroll;\n}\n.avia-section.av-av_section-7d20e8c3d81183e7e7aaaf4fc9113e95 .av-section-color-overlay{\nopacity:0.3;\nbackground-color:#ffffff;\n}\n<\/style>\n<div id='av_section_2'  class='avia-section av-av_section-7d20e8c3d81183e7e7aaaf4fc9113e95 main_color avia-section-large avia-no-border-styling  avia-builder-el-8  el_after_av_section  avia-builder-el-last  avia-full-stretch av-parallax-section avia-bg-style-parallax av-section-color-overlay-active av-minimum-height av-minimum-height-75 av-height-75  container_wrap sidebar_right'  data-section-bg-repeat='stretch' data-av_minimum_height_pc='75' data-av_min_height_opt='75'><div class='av-parallax' data-avia-parallax-ratio='0.3' ><div class='av-parallax-inner main_color avia-full-stretch'><\/div><\/div><div class=\"av-section-color-overlay-wrap\"><div class=\"av-section-color-overlay\"><\/div><div class='container av-section-cont-open' ><div class='template-page content  av-content-small alpha units'><div class='post-entry post-entry-type-page post-entry-725'><div class='entry-content-wrapper clearfix'>\n<div  class='flex_column av-av_three_fifth-2a9015ff38129c418a3f2eafba3e9512 av_three_fifth first flex_column_div  '     ><\/div><div  class='flex_column av-av_two_fifth-5c3bdd854542bbc70d067b1f6b1f9883 av_two_fifth flex_column_div  '     ><p>\n<style type=\"text\/css\" data-created_by=\"avia_inline_auto\" id=\"style-css-av-av_heading-90c4acebe2783a52586eaa53a33b0d6e\">\n#top .av-special-heading.av-av_heading-90c4acebe2783a52586eaa53a33b0d6e{\npadding-bottom:10px;\n}\nbody .av-special-heading.av-av_heading-90c4acebe2783a52586eaa53a33b0d6e .av-special-heading-tag .heading-char{\nfont-size:25px;\n}\n.av-special-heading.av-av_heading-90c4acebe2783a52586eaa53a33b0d6e .av-subheading{\nfont-size:15px;\n}\n<\/style>\n<div  class='av-special-heading av-av_heading-90c4acebe2783a52586eaa53a33b0d6e av-special-heading-h1 blockquote modern-quote'><h1 class='av-special-heading-tag'  itemprop=\"headline\"  >WHO ARE WE?<\/h1><div class=\"special-heading-border\"><div class=\"special-heading-inner-border\"><\/div><\/div><\/div><br \/>\n\n<style type=\"text\/css\" data-created_by=\"avia_inline_auto\" id=\"style-css-av-av_hr-0f85c61341dc54c5a8df00ad89167801\">\n#top .hr.av-av_hr-0f85c61341dc54c5a8df00ad89167801{\nmargin-top:10px;\nmargin-bottom:10px;\n}\n.hr.av-av_hr-0f85c61341dc54c5a8df00ad89167801 .hr-inner{\nwidth:50px;\nborder-color:#000000;\n}\n<\/style>\n<div  class='hr av-av_hr-0f85c61341dc54c5a8df00ad89167801 hr-custom hr-left hr-icon-no'><span class='hr-inner inner-border-av-border-fat'><span class=\"hr-inner-style\"><\/span><\/span><\/div><br \/>\n<section  class='av_textblock_section av-av_textblock-396ddf1f42196ca838231e61a4602801 '   itemscope=\"itemscope\" itemtype=\"https:\/\/schema.org\/CreativeWork\" ><div class='avia_textblock'  itemprop=\"text\" ><div class=\"wpb_text_column wpb_content_element \">\n<div class=\"wpb_wrapper\">\n<p>Seit der Gr\u00fcndung in Japan im Jahr 1910 ist Sonderhoff &amp; Einsel eine international gepr\u00e4gte Kanzlei, deren Team von Berufstr\u00e4gern sich heute aus Fachleuten aus Europa, Japan, den USA und China zusammensetzt. Unsere Experten f\u00fcr Recht, IP, Steuern und Rechnungswesen beraten konkret und l\u00f6sungsorientiert in einer Vielzahl von Fachgebieten.<\/p>\n<\/div>\n<\/div>\n<p><a href=\"https:\/\/se1910.com\/de\/our-firm\/\">Learn more&#8230;<\/a><\/p>\n<\/div><\/section><\/p><\/div>\n<\/div><\/div><\/div><!-- close content main div --><\/div><\/div><\/div><div id='after_section_2'  class='main_color av_default_container_wrap container_wrap sidebar_right'  ><div class='container av-section-cont-open' ><div class='template-page content  av-content-small alpha units'><div class='post-entry post-entry-type-page post-entry-725'><div class='entry-content-wrapper clearfix'><\/p>\n","protected":false},"excerpt":{"rendered":"","protected":false},"author":9,"featured_media":0,"parent":0,"menu_order":0,"comment_status":"closed","ping_status":"closed","template":"","meta":{"_acf_changed":false,"footnotes":""},"class_list":["post-725","page","type-page","status-publish","hentry"],"acf":[],"jetpack_sharing_enabled":true,"_links":{"self":[{"href":"https:\/\/se1910.com\/de\/wp-json\/wp\/v2\/pages\/725","targetHints":{"allow":["GET"]}}],"collection":[{"href":"https:\/\/se1910.com\/de\/wp-json\/wp\/v2\/pages"}],"about":[{"href":"https:\/\/se1910.com\/de\/wp-json\/wp\/v2\/types\/page"}],"author":[{"embeddable":true,"href":"https:\/\/se1910.com\/de\/wp-json\/wp\/v2\/users\/9"}],"replies":[{"embeddable":true,"href":"https:\/\/se1910.com\/de\/wp-json\/wp\/v2\/comments?post=725"}],"version-history":[{"count":30,"href":"https:\/\/se1910.com\/de\/wp-json\/wp\/v2\/pages\/725\/revisions"}],"predecessor-version":[{"id":11174,"href":"https:\/\/se1910.com\/de\/wp-json\/wp\/v2\/pages\/725\/revisions\/11174"}],"wp:attachment":[{"href":"https:\/\/se1910.com\/de\/wp-json\/wp\/v2\/media?parent=725"}],"curies":[{"name":"wp","href":"https:\/\/api.w.org\/{rel}","templated":true}]}}