{"id":1165,"date":"2021-08-30T09:22:07","date_gmt":"2021-08-30T09:22:07","guid":{"rendered":"https:\/\/se1910.com\/our-firm\/"},"modified":"2025-12-31T18:47:16","modified_gmt":"2025-12-31T09:47:16","slug":"our-firm","status":"publish","type":"page","link":"https:\/\/se1910.com\/de\/our-firm\/","title":{"rendered":"DIE KANZLEI"},"content":{"rendered":"<div id='full_slider_1'  class='avia-fullwidth-slider main_color avia-shadow   avia-builder-el-0  el_before_av_section  avia-builder-el-first   container_wrap sidebar_right'  >\n<style type=\"text\/css\" data-created_by=\"avia_inline_auto\" id=\"style-css-av-av_slideshow_full-85f7e3fd109e36cdb2713ea35cfe5185\">\n#top #wrap_all .avia-slideshow .av-slideshow-caption.av-av_slideshow_full-85f7e3fd109e36cdb2713ea35cfe5185__0 .avia-caption-title{\nfont-size:36px;\n}\n<\/style>\n<div  class='avia-slideshow av-av_slideshow_full-85f7e3fd109e36cdb2713ea35cfe5185 avia-slideshow-no scaling av_slideshow_full avia-slide-slider av-slideshow-ui av-control-hidden av-no-slider-navigation av-hide-nav-arrows av-slideshow-manual av-loop-once av-loop-manual-endless av-default-height-applied   avia-slideshow-1' data-slideshow-options=\"{&quot;animation&quot;:&quot;slide&quot;,&quot;autoplay&quot;:false,&quot;loop_autoplay&quot;:&quot;once&quot;,&quot;interval&quot;:5,&quot;loop_manual&quot;:&quot;manual-endless&quot;,&quot;autoplay_stopper&quot;:false,&quot;noNavigation&quot;:true,&quot;bg_slider&quot;:false,&quot;keep_padding&quot;:false,&quot;hoverpause&quot;:false,&quot;show_slide_delay&quot;:0}\"  itemprop=\"image\" itemscope=\"itemscope\" itemtype=\"https:\/\/schema.org\/ImageObject\" ><ul class='avia-slideshow-inner ' style='padding-bottom: 26.041666666667%;'><li  class='avia-slideshow-slide av-av_slideshow_full-85f7e3fd109e36cdb2713ea35cfe5185__0  av-single-slide slide-1 slide-odd'><div data-rel='slideshow-1' class='avia-slide-wrap '   ><div class='av-slideshow-caption av-av_slideshow_full-85f7e3fd109e36cdb2713ea35cfe5185__0 caption_fullwidth caption_center'><div class=\"container caption_container\"><div class=\"slideshow_caption\"><div class=\"slideshow_inner_caption\"><div class=\"slideshow_align_caption\"><h2 class='avia-caption-title '  itemprop=\"name\" >DIE KANZLEI<\/h2><\/div><\/div><\/div><\/div><\/div><img decoding=\"async\" class=\"wp-image-2555 avia-img-lazy-loading-not-2555\"  src=\"https:\/\/se1910.com\/wp-content\/uploads\/2021\/09\/SE_HeaderImg_OurFirm_2.jpg\" width=\"1920\" height=\"500\" title='SE_HeaderImg_OurFirm_2' alt=''  itemprop=\"thumbnailUrl\"  style='min-height:300px; min-width:1152px; ' srcset=\"https:\/\/se1910.com\/wp-content\/uploads\/2021\/09\/SE_HeaderImg_OurFirm_2.jpg 1920w, https:\/\/se1910.com\/wp-content\/uploads\/2021\/09\/SE_HeaderImg_OurFirm_2-300x78.jpg 300w, https:\/\/se1910.com\/wp-content\/uploads\/2021\/09\/SE_HeaderImg_OurFirm_2-1030x268.jpg 1030w, https:\/\/se1910.com\/wp-content\/uploads\/2021\/09\/SE_HeaderImg_OurFirm_2-768x200.jpg 768w, https:\/\/se1910.com\/wp-content\/uploads\/2021\/09\/SE_HeaderImg_OurFirm_2-1536x400.jpg 1536w, https:\/\/se1910.com\/wp-content\/uploads\/2021\/09\/SE_HeaderImg_OurFirm_2-1500x391.jpg 1500w, https:\/\/se1910.com\/wp-content\/uploads\/2021\/09\/SE_HeaderImg_OurFirm_2-705x184.jpg 705w, https:\/\/se1910.com\/wp-content\/uploads\/2021\/09\/SE_HeaderImg_OurFirm_2-450x117.jpg 450w\" sizes=\"(max-width: 1920px) 100vw, 1920px\" \/><div class='av-section-color-overlay' style='opacity: 0.5; background-color: #232323; '><\/div><\/div><\/li><\/ul><\/div><\/div>\n<div id='av_section_1'  class='avia-section av-av_section-31779286dc2676a8567fef3678c764df main_color avia-section-default avia-no-shadow  avia-builder-el-1  el_after_av_slideshow_full  avia-builder-el-last  avia-bg-style-scroll container_wrap sidebar_right'  ><div class='container av-section-cont-open' ><div class='template-page content  av-content-small alpha units'><div class='post-entry post-entry-type-page post-entry-1165'><div class='entry-content-wrapper clearfix'>\n\n<style type=\"text\/css\" data-created_by=\"avia_inline_auto\" id=\"style-css-av-av_one_full-6126cab7d8fab8d08143dd2dacdf673c\">\n.flex_column.av-av_one_full-6126cab7d8fab8d08143dd2dacdf673c{\n-webkit-border-radius:0px 0px 0px 0px;\n-moz-border-radius:0px 0px 0px 0px;\nborder-radius:0px 0px 0px 0px;\npadding:0px 0px 0px 0px;\n}\n<\/style>\n<div  class='flex_column av-av_one_full-6126cab7d8fab8d08143dd2dacdf673c av_one_full  avia-builder-el-2  avia-builder-el-no-sibling  first flex_column_div av-zero-column-padding  '     ><section  class='av_textblock_section av-av_textblock-396ddf1f42196ca838231e61a4602801 '   itemscope=\"itemscope\" itemtype=\"https:\/\/schema.org\/CreativeWork\" ><div class='avia_textblock'  itemprop=\"text\" ><p>Seit mehr als 100 Jahren bietet unsere Kanzlei juristische Dienstleistungen in Japan an und hat sich zu einem starken Team aus Rechts- und Patentanw\u00e4lten sowie weiteren Fachleuten f\u00fcr Steuern, Recht und Buchhaltung entwickelt. Dieses Team bietet japanischen und internationalen Firmen, die gesch\u00e4ftlich in Japan t\u00e4tig sind, fachkundige Beratung in einem breiten Spektrum von Rechtsfragen.<\/p>\n<p>Unsere Mitarbeiter beraten Sie auf Deutsch, Englisch, Chinesisch und Japanisch. Sie haben jederzeit einen Ansprechpartner, der Ihre Sprache spricht und die juristischen und kulturellen Unterschiede zwischen Europa, den USA und Japan versteht \u2013 damit Ihre Anfragen z\u00fcgig und auf den Punkt beantwortet werden.<\/p>\n<p>Wir sind davon \u00fcberzeugt, dass wir in einem sich stetig wandelnden Markt dank unserer Fachkompetenz unsere Mandanten optimal bei der Erreichung ihrer Ziele und Durchsetzung ihrer Interessen unterst\u00fctzen k\u00f6nnen, insbesondere in unseren Kernbereichen Geistiges Eigentum, Unternehmensrecht, Finanzen und Steuern sowie Prozessrecht. Auch in Zukunft werden wir unseren Mandanten juristische Dienstleistungen auf h\u00f6chstem Niveau bieten.<\/p>\n<p>Wir sind stolz darauf, ein Mitglied des weltweiten Kanzleinetzwerkes MSI Global Alliance zu sein. Mit dieser Mitgliedschaft sind wir in der Lage, unseren Mandanten anwaltliche Dienstleistungen in den USA sowie weltweit anzubieten.<\/p>\n<\/div><\/section><\/div>\n<\/div><\/div><\/div><!-- close content main div --><\/div><\/div><div id='after_section_1'  class='main_color av_default_container_wrap container_wrap sidebar_right'  ><div class='container av-section-cont-open' ><div class='template-page content  av-content-small alpha units'><div class='post-entry post-entry-type-page post-entry-1165'><div class='entry-content-wrapper clearfix'>\n","protected":false},"excerpt":{"rendered":"","protected":false},"author":9,"featured_media":0,"parent":0,"menu_order":0,"comment_status":"closed","ping_status":"closed","template":"","meta":{"_acf_changed":false,"footnotes":""},"class_list":["post-1165","page","type-page","status-publish","hentry"],"acf":[],"jetpack_sharing_enabled":true,"_links":{"self":[{"href":"https:\/\/se1910.com\/de\/wp-json\/wp\/v2\/pages\/1165","targetHints":{"allow":["GET"]}}],"collection":[{"href":"https:\/\/se1910.com\/de\/wp-json\/wp\/v2\/pages"}],"about":[{"href":"https:\/\/se1910.com\/de\/wp-json\/wp\/v2\/types\/page"}],"author":[{"embeddable":true,"href":"https:\/\/se1910.com\/de\/wp-json\/wp\/v2\/users\/9"}],"replies":[{"embeddable":true,"href":"https:\/\/se1910.com\/de\/wp-json\/wp\/v2\/comments?post=1165"}],"version-history":[{"count":8,"href":"https:\/\/se1910.com\/de\/wp-json\/wp\/v2\/pages\/1165\/revisions"}],"predecessor-version":[{"id":11173,"href":"https:\/\/se1910.com\/de\/wp-json\/wp\/v2\/pages\/1165\/revisions\/11173"}],"wp:attachment":[{"href":"https:\/\/se1910.com\/de\/wp-json\/wp\/v2\/media?parent=1165"}],"curies":[{"name":"wp","href":"https:\/\/api.w.org\/{rel}","templated":true}]}}